{"id":777,"date":"2018-08-30T15:49:31","date_gmt":"2018-08-30T18:49:31","guid":{"rendered":"https:\/\/ifdferreyra-crr.infd.edu.ar\/sitio\/tecnicatura-superior-en-produccion-agropecuaria\/"},"modified":"2024-11-08T11:28:51","modified_gmt":"2024-11-08T14:28:51","slug":"tecnicatura-superior-en-desarrollo-de-software","status":"publish","type":"page","link":"https:\/\/ifdferreyra-crr.infd.edu.ar\/sitio\/tecnicatura-superior-en-desarrollo-de-software\/","title":{"rendered":"Tecnicatura Superior en Desarrollo de Software"},"content":{"rendered":"\n<p class=\"has-medium-font-size\"><strong><em>Alcance del Perfil Profesional:&nbsp;<\/em><\/strong><\/p>\n\n\n\n<p class=\"has-medium-font-size\"><em>El T\u00e9cnico Superior en Desarrollo de Software estar\u00e1 capacitado para producir&nbsp; artefactos de software, lo que comprende su dise\u00f1o detallado, construcci\u00f3n &#8211; reutilizando elementos existentes o program\u00e1ndolos enteramente- y verificaci\u00f3n&nbsp; unitaria, as\u00ed como su depuraci\u00f3n, optimizaci\u00f3n y mantenimiento; desarrollando las&nbsp;<\/em><\/p>\n\n\n\n<p class=\"has-medium-font-size\"><em>actividades descriptas en el perfil profesional y cumpliendo con los criterios de&nbsp; realizaci\u00f3n establecidos para las mismas en el marco de un equipo de trabajo&nbsp; organizado por proyecto.<\/em><\/p>\n\n\n\n<p><a href=\"https:\/\/ifdferreyra-crr.infd.edu.ar\/sitio\/wp-content\/uploads\/2023\/05\/DISENO-T.S.-DESARROLLO-DE-SOFTWARE.pdf\" target=\"_blank\" rel=\"noreferrer noopener\">Dise\u00f1o Curricular de la Tecnicatura Superior en Desarrollo de Software <\/a><\/p>\n\n\n\n<p><\/p>\n\n\n\n<figure class=\"wp-block-image size-full is-resized\"><img decoding=\"async\" loading=\"lazy\" src=\"https:\/\/ifdferreyra-crr.infd.edu.ar\/sitio\/wp-content\/uploads\/2023\/04\/DESARROLLO-DE-SOBTWARE-1.jpg\" alt=\"\" class=\"wp-image-1110\" width=\"775\" height=\"1396\" srcset=\"https:\/\/ifdferreyra-crr.infd.edu.ar\/sitio\/wp-content\/uploads\/2023\/04\/DESARROLLO-DE-SOBTWARE-1.jpg 620w, https:\/\/ifdferreyra-crr.infd.edu.ar\/sitio\/wp-content\/uploads\/2023\/04\/DESARROLLO-DE-SOBTWARE-1-555x1000.jpg 555w\" sizes=\"(max-width: 775px) 100vw, 775px\" \/><\/figure>\n\n\n\n<p class=\"has-medium-font-size\"><\/p>\n\n\n\n<p><\/p>\n\n\n\n<p><\/p>\n\n\n\n<p><\/p>\n\n\n\n<p><\/p>\n\n\n\n<p><\/p>\n\n\n\n<p><\/p>\n\n\n\n<p><\/p>\n","protected":false},"excerpt":{"rendered":"<p>Alcance del Perfil Profesional:&nbsp; El T\u00e9cnico Superior en Desarrollo de Software estar\u00e1 capacitado para producir&nbsp; artefactos de software, lo que comprende su dise\u00f1o detallado, construcci\u00f3n &#8211; reutilizando elementos existentes o program\u00e1ndolos enteramente- y verificaci\u00f3n&nbsp; unitaria, as\u00ed como su depuraci\u00f3n, optimizaci\u00f3n y mantenimiento; desarrollando las&nbsp; actividades descriptas en el perfil profesional y cumpliendo con los criterios &#8230; <a title=\"Tecnicatura Superior en Desarrollo de Software\" class=\"read-more\" href=\"https:\/\/ifdferreyra-crr.infd.edu.ar\/sitio\/tecnicatura-superior-en-desarrollo-de-software\/\" aria-label=\"More on Tecnicatura Superior en Desarrollo de Software\">[+]<\/a><\/p>\n","protected":false},"author":474,"featured_media":0,"parent":0,"menu_order":0,"comment_status":"closed","ping_status":"closed","template":"","meta":[],"acf":[],"_links":{"self":[{"href":"https:\/\/ifdferreyra-crr.infd.edu.ar\/sitio\/wp-json\/wp\/v2\/pages\/777"}],"collection":[{"href":"https:\/\/ifdferreyra-crr.infd.edu.ar\/sitio\/wp-json\/wp\/v2\/pages"}],"about":[{"href":"https:\/\/ifdferreyra-crr.infd.edu.ar\/sitio\/wp-json\/wp\/v2\/types\/page"}],"author":[{"embeddable":true,"href":"https:\/\/ifdferreyra-crr.infd.edu.ar\/sitio\/wp-json\/wp\/v2\/users\/474"}],"replies":[{"embeddable":true,"href":"https:\/\/ifdferreyra-crr.infd.edu.ar\/sitio\/wp-json\/wp\/v2\/comments?post=777"}],"version-history":[{"count":3,"href":"https:\/\/ifdferreyra-crr.infd.edu.ar\/sitio\/wp-json\/wp\/v2\/pages\/777\/revisions"}],"predecessor-version":[{"id":1127,"href":"https:\/\/ifdferreyra-crr.infd.edu.ar\/sitio\/wp-json\/wp\/v2\/pages\/777\/revisions\/1127"}],"wp:attachment":[{"href":"https:\/\/ifdferreyra-crr.infd.edu.ar\/sitio\/wp-json\/wp\/v2\/media?parent=777"}],"curies":[{"name":"wp","href":"https:\/\/api.w.org\/{rel}","templated":true}]}}