{"id":757,"date":"2018-08-30T15:49:24","date_gmt":"2018-08-30T18:49:24","guid":{"rendered":"https:\/\/ifdferreyra-crr.infd.edu.ar\/sitio\/tecnicatura-superior-en-turismo\/"},"modified":"2023-04-28T23:44:09","modified_gmt":"2023-04-29T02:44:09","slug":"tecnicatura-superior-en-turismo","status":"publish","type":"page","link":"https:\/\/ifdferreyra-crr.infd.edu.ar\/sitio\/tecnicatura-superior-en-turismo\/","title":{"rendered":"Tecnicatura Superior en Turismo"},"content":{"rendered":"\n<p><\/p>\n\n\n\n<p><strong>ALCANCES DEL TITULO<\/strong><\/p>\n\n\n\n<p>El T\u00e9cnico superior en turismo estar\u00e1 habilitado para:&nbsp;&nbsp;<\/p>\n\n\n\n<ul>\n<li>Desempe\u00f1arse en tareas vinculadas al turismo, en distintos \u00e1mbitos de acci\u00f3n del sector p\u00fablico, privado y ONG.<\/li>\n\n\n\n<li>Elaborar planes y proyectos tur\u00edsticos.<\/li>\n\n\n\n<li>Desarrollar actividades de gesti\u00f3n operativa en empresas y organismos de turismo.<\/li>\n\n\n\n<li>Desarrollar actividades de asesoramiento sobre turismo.<\/li>\n\n\n\n<li>Colaborar en la Administraci\u00f3n y Gesti\u00f3n de servicios tur\u00edsticos.<\/li>\n\n\n\n<li>Relevar y producir informaci\u00f3n tur\u00edstica.<\/li>\n\n\n\n<li>Coordinar grupos tur\u00edsticos: su recepci\u00f3n, traslado, acompa\u00f1amiento, informaci\u00f3n y gu\u00eda.<\/li>\n\n\n\n<li>Realizar la implementaci\u00f3n y control de servicios tur\u00edsticos a personas y\/o grupos.<\/li>\n\n\n\n<li>Colaborar en actividades de programaci\u00f3n y promoci\u00f3n de turismo.<\/li>\n\n\n\n<li>Participar en equipos interdisciplinarios en temas de su competencia profesional<\/li>\n\n\n\n<li>Participar en la programaci\u00f3n y organizaci\u00f3n de empresas vinculadas a los distintos servicios tur\u00edsticos como agencias de viajes, hoteles y otros prestadores.<\/li>\n<\/ul>\n\n\n\n<p><a href=\"http:\/\/www.dgescorrientes.net\/distec2017\/DC-Tec-Turismo.pdf\">DISE\u00d1O CURRICULAR: TECNICATURA TURISMO (dgescorrientes.net)<\/a><\/p>\n\n\n\n<p><strong>PLAN DE ESTUDIO<\/strong><\/p>\n\n\n\n<figure class=\"wp-block-image size-full\"><img decoding=\"async\" loading=\"lazy\" width=\"530\" height=\"1048\" src=\"https:\/\/ifdferreyra-crr.infd.edu.ar\/sitio\/wp-content\/uploads\/2023\/04\/turismo.jpg\" alt=\"\" class=\"wp-image-1103\" srcset=\"https:\/\/ifdferreyra-crr.infd.edu.ar\/sitio\/wp-content\/uploads\/2023\/04\/turismo.jpg 530w, https:\/\/ifdferreyra-crr.infd.edu.ar\/sitio\/wp-content\/uploads\/2023\/04\/turismo-506x1000.jpg 506w\" sizes=\"(max-width: 530px) 100vw, 530px\" \/><\/figure>\n\n\n\n<p><\/p>\n\n\n\n<p><\/p>\n\n\n\n<p><\/p>\n\n\n<p>\u00a0<\/p>\n<p>\u00a0<\/p>\n\n\n<p><\/p>\n","protected":false},"excerpt":{"rendered":"<p>ALCANCES DEL TITULO El T\u00e9cnico superior en turismo estar\u00e1 habilitado para:&nbsp;&nbsp; DISE\u00d1O CURRICULAR: TECNICATURA TURISMO (dgescorrientes.net) PLAN DE ESTUDIO \u00a0 \u00a0<\/p>\n","protected":false},"author":474,"featured_media":0,"parent":0,"menu_order":0,"comment_status":"closed","ping_status":"closed","template":"","meta":[],"acf":[],"_links":{"self":[{"href":"https:\/\/ifdferreyra-crr.infd.edu.ar\/sitio\/wp-json\/wp\/v2\/pages\/757"}],"collection":[{"href":"https:\/\/ifdferreyra-crr.infd.edu.ar\/sitio\/wp-json\/wp\/v2\/pages"}],"about":[{"href":"https:\/\/ifdferreyra-crr.infd.edu.ar\/sitio\/wp-json\/wp\/v2\/types\/page"}],"author":[{"embeddable":true,"href":"https:\/\/ifdferreyra-crr.infd.edu.ar\/sitio\/wp-json\/wp\/v2\/users\/474"}],"replies":[{"embeddable":true,"href":"https:\/\/ifdferreyra-crr.infd.edu.ar\/sitio\/wp-json\/wp\/v2\/comments?post=757"}],"version-history":[{"count":3,"href":"https:\/\/ifdferreyra-crr.infd.edu.ar\/sitio\/wp-json\/wp\/v2\/pages\/757\/revisions"}],"predecessor-version":[{"id":1107,"href":"https:\/\/ifdferreyra-crr.infd.edu.ar\/sitio\/wp-json\/wp\/v2\/pages\/757\/revisions\/1107"}],"wp:attachment":[{"href":"https:\/\/ifdferreyra-crr.infd.edu.ar\/sitio\/wp-json\/wp\/v2\/media?parent=757"}],"curies":[{"name":"wp","href":"https:\/\/api.w.org\/{rel}","templated":true}]}}