{"id":755,"date":"2018-08-30T15:49:23","date_gmt":"2018-08-30T18:49:23","guid":{"rendered":"https:\/\/ifdferreyra-crr.infd.edu.ar\/sitio\/profesorado-para-el-3er-ciclo-de-la-egb-en-biologia\/"},"modified":"2023-04-28T10:52:19","modified_gmt":"2023-04-28T13:52:19","slug":"profesorado-para-el-3er-ciclo-de-la-egb-en-biologia","status":"publish","type":"page","link":"https:\/\/ifdferreyra-crr.infd.edu.ar\/sitio\/profesorado-para-el-3er-ciclo-de-la-egb-en-biologia\/","title":{"rendered":"Profesorado de Educaci\u00f3n Secundaria en Biolog\u00eda"},"content":{"rendered":"<div class=\"entry\">\n<p><strong>Perfil del egresado<\/strong><br \/>El egresado del Profesorado de Educaci\u00f3n Secundaria en Biolog\u00eda podr\u00e1 ejercer el rol docente en todas las instituciones educativas de Nivel Secundario del Sistema Educativo Nacional, en el \u00e1mbito estatal y privado, en todo el territorio de la Rep\u00fablica Argentina.<\/p>\n<\/div>\n<p><strong>PLAN DE ESTUDIO<\/strong><\/p>\n\n\n<figure class=\"wp-block-image size-full is-resized\"><img decoding=\"async\" loading=\"lazy\" src=\"https:\/\/ifdferreyra-crr.infd.edu.ar\/sitio\/wp-content\/uploads\/2023\/04\/image.png\" alt=\"\" class=\"wp-image-1085\" width=\"841\" height=\"1750\" srcset=\"https:\/\/ifdferreyra-crr.infd.edu.ar\/sitio\/wp-content\/uploads\/2023\/04\/image.png 701w, https:\/\/ifdferreyra-crr.infd.edu.ar\/sitio\/wp-content\/uploads\/2023\/04\/image-480x1000.png 480w\" sizes=\"(max-width: 841px) 100vw, 841px\" \/><\/figure>\n","protected":false},"excerpt":{"rendered":"<p>Perfil del egresadoEl egresado del Profesorado de Educaci\u00f3n Secundaria en Biolog\u00eda podr\u00e1 ejercer el rol docente en todas las instituciones educativas de Nivel Secundario del Sistema Educativo Nacional, en el \u00e1mbito estatal y privado, en todo el territorio de la Rep\u00fablica Argentina. PLAN DE ESTUDIO<\/p>\n","protected":false},"author":474,"featured_media":0,"parent":0,"menu_order":0,"comment_status":"closed","ping_status":"closed","template":"","meta":[],"acf":[],"_links":{"self":[{"href":"https:\/\/ifdferreyra-crr.infd.edu.ar\/sitio\/wp-json\/wp\/v2\/pages\/755"}],"collection":[{"href":"https:\/\/ifdferreyra-crr.infd.edu.ar\/sitio\/wp-json\/wp\/v2\/pages"}],"about":[{"href":"https:\/\/ifdferreyra-crr.infd.edu.ar\/sitio\/wp-json\/wp\/v2\/types\/page"}],"author":[{"embeddable":true,"href":"https:\/\/ifdferreyra-crr.infd.edu.ar\/sitio\/wp-json\/wp\/v2\/users\/474"}],"replies":[{"embeddable":true,"href":"https:\/\/ifdferreyra-crr.infd.edu.ar\/sitio\/wp-json\/wp\/v2\/comments?post=755"}],"version-history":[{"count":3,"href":"https:\/\/ifdferreyra-crr.infd.edu.ar\/sitio\/wp-json\/wp\/v2\/pages\/755\/revisions"}],"predecessor-version":[{"id":1088,"href":"https:\/\/ifdferreyra-crr.infd.edu.ar\/sitio\/wp-json\/wp\/v2\/pages\/755\/revisions\/1088"}],"wp:attachment":[{"href":"https:\/\/ifdferreyra-crr.infd.edu.ar\/sitio\/wp-json\/wp\/v2\/media?parent=755"}],"curies":[{"name":"wp","href":"https:\/\/api.w.org\/{rel}","templated":true}]}}