{"id":1067,"date":"2023-04-26T21:03:42","date_gmt":"2023-04-27T00:03:42","guid":{"rendered":"https:\/\/ifdferreyra-crr.infd.edu.ar\/sitio\/?page_id=1067"},"modified":"2023-04-29T00:09:06","modified_gmt":"2023-04-29T03:09:06","slug":"tecnicatura-superior-en-higiene-y-seguridad-en-el-trabajo","status":"publish","type":"page","link":"https:\/\/ifdferreyra-crr.infd.edu.ar\/sitio\/formacion-tecnica\/tecnicatura-superior-en-higiene-y-seguridad-en-el-trabajo\/","title":{"rendered":"Tecnicatura Superior en Higiene y Seguridad en el Trabajo"},"content":{"rendered":"\n<p>&nbsp;<\/p>\n\n\n\n<p><strong>PERFIL DEL EGRESADO<\/strong><\/p>\n\n\n\n<p>T\u00e9cnicos id\u00f3neos para colaborar con los profesionales de grado en brindar y aplicar las recomendaciones de Higiene y Seguridad en el Trabajo necesarias para resguardar la salud de los trabajadores en el \u00e1mbito laboral, conociendo las exigencias legales corresponden aplicarse en los distintos ambientes laborales. Tambi\u00e9n podr\u00e1 integrar grupos interdisciplinarios que entiendan en la prevenci\u00f3n de emergencias tecnol\u00f3gicas y realizar investigaciones t\u00e9cnicas sobre las causales que motivaron un accidente de trabajo y\/o una enfermedad profesional.<\/p>\n\n\n\n<p><strong>DISE\u00d1O CURRICULAR<\/strong>: <a href=\"http:\/\/dgescorrientes.net\/distec2016\/DC-Tec-HigieneSeguridad.pdf\">DC-Tec-HigieneSeguridad.pdf (dgescorrientes.net)<\/a><\/p>\n\n\n\n<p><strong>PLAN DE ESTUDIO&nbsp;&nbsp;&nbsp;&nbsp;&nbsp;&nbsp;&nbsp;&nbsp;&nbsp;&nbsp;&nbsp;&nbsp;&nbsp;&nbsp;&nbsp;&nbsp;&nbsp;&nbsp;&nbsp;&nbsp;&nbsp;&nbsp;&nbsp;&nbsp;&nbsp;&nbsp;&nbsp;&nbsp;&nbsp;&nbsp;&nbsp;&nbsp;&nbsp;&nbsp;&nbsp;&nbsp;&nbsp;&nbsp;&nbsp;&nbsp;&nbsp;&nbsp;&nbsp;&nbsp;&nbsp;&nbsp;&nbsp;&nbsp;&nbsp;&nbsp;&nbsp;&nbsp;&nbsp;&nbsp;&nbsp;&nbsp;&nbsp;&nbsp;&nbsp;&nbsp;&nbsp;&nbsp;&nbsp;&nbsp;&nbsp;&nbsp;&nbsp;&nbsp;&nbsp;&nbsp;&nbsp;&nbsp;&nbsp;&nbsp;&nbsp;&nbsp;&nbsp;&nbsp;&nbsp;&nbsp;&nbsp;&nbsp;&nbsp;&nbsp;&nbsp;&nbsp;&nbsp;&nbsp;&nbsp;&nbsp;&nbsp;&nbsp;&nbsp;&nbsp;&nbsp;&nbsp;&nbsp;&nbsp;&nbsp;&nbsp;&nbsp;&nbsp;&nbsp;&nbsp;&nbsp;&nbsp;&nbsp;&nbsp;&nbsp;&nbsp;&nbsp;&nbsp;&nbsp;&nbsp;&nbsp;&nbsp;&nbsp;&nbsp;&nbsp; <\/strong><\/p>\n\n\n\n<div class=\"wp-block-file\"><object class=\"wp-block-file__embed\" data=\"https:\/\/ifdferreyra-crr.infd.edu.ar\/sitio\/wp-content\/uploads\/2023\/04\/Plan-de-estudo-Higiene-y-seguridad.pdf\" type=\"application\/pdf\" style=\"width:100%;height:1130px\" aria-label=\"Incrustado de Plan-de-estudo-Higiene-y-seguridad.\"><\/object><a id=\"wp-block-file--media-bbb4f886-8d99-4115-9fe9-b322569e991c\" href=\"https:\/\/ifdferreyra-crr.infd.edu.ar\/sitio\/wp-content\/uploads\/2023\/04\/Plan-de-estudo-Higiene-y-seguridad.pdf\">Plan-de-estudo-Higiene-y-seguridad<\/a><a href=\"https:\/\/ifdferreyra-crr.infd.edu.ar\/sitio\/wp-content\/uploads\/2023\/04\/Plan-de-estudo-Higiene-y-seguridad.pdf\" class=\"wp-block-file__button wp-element-button\" download aria-describedby=\"wp-block-file--media-bbb4f886-8d99-4115-9fe9-b322569e991c\">Descarga<\/a><\/div>\n\n\n\n<p><\/p>\n\n\n\n<p><\/p>\n\n\n\n<div class=\"wp-block-columns is-layout-flex wp-container-4\">\n<div class=\"wp-block-column is-layout-flow\" style=\"flex-basis:100%\">\n<div class=\"wp-block-columns is-layout-flex wp-container-2\">\n<div class=\"wp-block-column is-layout-flow\" style=\"flex-basis:100%\"><\/div>\n<\/div>\n<\/div>\n<\/div>\n","protected":false},"excerpt":{"rendered":"<p>&nbsp; PERFIL DEL EGRESADO T\u00e9cnicos id\u00f3neos para colaborar con los profesionales de grado en brindar y aplicar las recomendaciones de Higiene y Seguridad en el Trabajo necesarias para resguardar la salud de los trabajadores en el \u00e1mbito laboral, conociendo las exigencias legales corresponden aplicarse en los distintos ambientes laborales. Tambi\u00e9n podr\u00e1 integrar grupos interdisciplinarios que &#8230; <a title=\"Tecnicatura Superior en Higiene y Seguridad en el Trabajo\" class=\"read-more\" href=\"https:\/\/ifdferreyra-crr.infd.edu.ar\/sitio\/formacion-tecnica\/tecnicatura-superior-en-higiene-y-seguridad-en-el-trabajo\/\" aria-label=\"More on Tecnicatura Superior en Higiene y Seguridad en el Trabajo\">[+]<\/a><\/p>\n","protected":false},"author":474,"featured_media":0,"parent":1047,"menu_order":0,"comment_status":"closed","ping_status":"closed","template":"","meta":[],"acf":[],"_links":{"self":[{"href":"https:\/\/ifdferreyra-crr.infd.edu.ar\/sitio\/wp-json\/wp\/v2\/pages\/1067"}],"collection":[{"href":"https:\/\/ifdferreyra-crr.infd.edu.ar\/sitio\/wp-json\/wp\/v2\/pages"}],"about":[{"href":"https:\/\/ifdferreyra-crr.infd.edu.ar\/sitio\/wp-json\/wp\/v2\/types\/page"}],"author":[{"embeddable":true,"href":"https:\/\/ifdferreyra-crr.infd.edu.ar\/sitio\/wp-json\/wp\/v2\/users\/474"}],"replies":[{"embeddable":true,"href":"https:\/\/ifdferreyra-crr.infd.edu.ar\/sitio\/wp-json\/wp\/v2\/comments?post=1067"}],"version-history":[{"count":6,"href":"https:\/\/ifdferreyra-crr.infd.edu.ar\/sitio\/wp-json\/wp\/v2\/pages\/1067\/revisions"}],"predecessor-version":[{"id":1112,"href":"https:\/\/ifdferreyra-crr.infd.edu.ar\/sitio\/wp-json\/wp\/v2\/pages\/1067\/revisions\/1112"}],"up":[{"embeddable":true,"href":"https:\/\/ifdferreyra-crr.infd.edu.ar\/sitio\/wp-json\/wp\/v2\/pages\/1047"}],"wp:attachment":[{"href":"https:\/\/ifdferreyra-crr.infd.edu.ar\/sitio\/wp-json\/wp\/v2\/media?parent=1067"}],"curies":[{"name":"wp","href":"https:\/\/api.w.org\/{rel}","templated":true}]}}