{"id":1062,"date":"2023-04-26T20:41:27","date_gmt":"2023-04-26T23:41:27","guid":{"rendered":"https:\/\/ifdferreyra-crr.infd.edu.ar\/sitio\/?page_id=1062"},"modified":"2023-04-28T17:38:08","modified_gmt":"2023-04-28T20:38:08","slug":"profesorado-de-educacion-secundaria-en-lengua-y-literatura","status":"publish","type":"page","link":"https:\/\/ifdferreyra-crr.infd.edu.ar\/sitio\/formacion-docente\/profesorado-de-educacion-secundaria-en-lengua-y-literatura\/","title":{"rendered":"Profesorado de Educaci\u00f3n Secundaria en Lengua y Literatura"},"content":{"rendered":"\n<p><strong>Perfil del egresado<\/strong><br>El egresado del Profesorado de Educaci\u00f3n Secundaria en Lengua y Literatura podr\u00e1 ejercer el rol docente en todas las instituciones educativas de Nivel Secundario del Sistema Educativo Nacional, en el \u00e1mbito estatal y privado, en todo el territorio de la Rep\u00fablica Argentina.<\/p>\n\n\n\n<p><strong>Descargar dise\u00f1o Curricular: <a href=\"http:\/\/dgescorrientes.net\/discur\/DisCurricular-LenguaLiteratura-Res-4659-2015.pdf\">DisCurricular-LenguaLiteratura-Res-4659-2015.pdf (dgescorrientes.net)<\/a><\/strong><\/p>\n\n\n\n<p><\/p>\n\n\n\n<figure class=\"wp-block-image size-full is-resized\"><img decoding=\"async\" loading=\"lazy\" src=\"https:\/\/ifdferreyra-crr.infd.edu.ar\/sitio\/wp-content\/uploads\/2023\/04\/lengua-01.jpg\" alt=\"\" class=\"wp-image-1098\" width=\"898\" height=\"2044\" srcset=\"https:\/\/ifdferreyra-crr.infd.edu.ar\/sitio\/wp-content\/uploads\/2023\/04\/lengua-01.jpg 724w, https:\/\/ifdferreyra-crr.infd.edu.ar\/sitio\/wp-content\/uploads\/2023\/04\/lengua-01-439x1000.jpg 439w, https:\/\/ifdferreyra-crr.infd.edu.ar\/sitio\/wp-content\/uploads\/2023\/04\/lengua-01-675x1536.jpg 675w\" sizes=\"(max-width: 898px) 100vw, 898px\" \/><\/figure>\n","protected":false},"excerpt":{"rendered":"<p>Perfil del egresadoEl egresado del Profesorado de Educaci\u00f3n Secundaria en Lengua y Literatura podr\u00e1 ejercer el rol docente en todas las instituciones educativas de Nivel Secundario del Sistema Educativo Nacional, en el \u00e1mbito estatal y privado, en todo el territorio de la Rep\u00fablica Argentina. Descargar dise\u00f1o Curricular: DisCurricular-LenguaLiteratura-Res-4659-2015.pdf (dgescorrientes.net)<\/p>\n","protected":false},"author":474,"featured_media":0,"parent":1043,"menu_order":0,"comment_status":"closed","ping_status":"closed","template":"","meta":[],"acf":[],"_links":{"self":[{"href":"https:\/\/ifdferreyra-crr.infd.edu.ar\/sitio\/wp-json\/wp\/v2\/pages\/1062"}],"collection":[{"href":"https:\/\/ifdferreyra-crr.infd.edu.ar\/sitio\/wp-json\/wp\/v2\/pages"}],"about":[{"href":"https:\/\/ifdferreyra-crr.infd.edu.ar\/sitio\/wp-json\/wp\/v2\/types\/page"}],"author":[{"embeddable":true,"href":"https:\/\/ifdferreyra-crr.infd.edu.ar\/sitio\/wp-json\/wp\/v2\/users\/474"}],"replies":[{"embeddable":true,"href":"https:\/\/ifdferreyra-crr.infd.edu.ar\/sitio\/wp-json\/wp\/v2\/comments?post=1062"}],"version-history":[{"count":3,"href":"https:\/\/ifdferreyra-crr.infd.edu.ar\/sitio\/wp-json\/wp\/v2\/pages\/1062\/revisions"}],"predecessor-version":[{"id":1101,"href":"https:\/\/ifdferreyra-crr.infd.edu.ar\/sitio\/wp-json\/wp\/v2\/pages\/1062\/revisions\/1101"}],"up":[{"embeddable":true,"href":"https:\/\/ifdferreyra-crr.infd.edu.ar\/sitio\/wp-json\/wp\/v2\/pages\/1043"}],"wp:attachment":[{"href":"https:\/\/ifdferreyra-crr.infd.edu.ar\/sitio\/wp-json\/wp\/v2\/media?parent=1062"}],"curies":[{"name":"wp","href":"https:\/\/api.w.org\/{rel}","templated":true}]}}